{"id":517,"date":"2019-09-04T09:04:18","date_gmt":"2019-09-04T06:04:18","guid":{"rendered":"https:\/\/kielijakulttuurihoitotyossa.fi\/?page_id=517"},"modified":"2022-12-19T01:53:58","modified_gmt":"2022-12-18T23:53:58","slug":"material","status":"publish","type":"page","link":"https:\/\/kielijakulttuurihoitotyossa.fi\/sv\/material\/","title":{"rendered":"Material"},"content":{"rendered":"\n<div style=\"height:20px\" aria-hidden=\"true\" class=\"wp-block-spacer\"><\/div>\n\n\n\n<p class=\"lead\">Letar du efter material till aktiviteter? Vill du ha en l\u00e4ngre hand f\u00f6r vardagsaktiviteter? H\u00e4r hittar du gratis tv\u00e5spr\u00e5kiga och svenskspr\u00e5kiga material.<\/p>\n\n\n\n<hr class=\"wp-block-separator has-text-color has-alpha-channel-opacity has-background is-style-dots\" style=\"background-color:#f27026;color:#f27026\"\/>\n\n\n\n<h2>Studerandenas inl\u00e4rningsuppgifter<\/h2>\n\n\n\n<p>Utfall av studerande i Metropolian 2019:<\/p>\n\n\n\n<div class=\"wp-block-file\"><a id=\"wp-block-file--media-ca160b0e-6600-4424-bade-48bfa21e9190\" href=\"https:\/\/kielijakulttuurihoitotyossa.fi\/wp-content\/uploads\/muistipuisto.pdf\" target=\"_blank\" rel=\"noreferrer noopener\">MUISTIPUISTO &amp; MINDFULNESS (pdf)<\/a><\/div>\n\n\n\n<div style=\"height:10px\" aria-hidden=\"true\" class=\"wp-block-spacer\"><\/div>\n\n\n\n<h2>Skrivet om projektet<\/h2>\n\n\n\n<p>G\u00e4vle och Finlandsinstitutet i gemensamt projekt <a href=\"https:\/\/www.minoritet.se\/5168\" target=\"_blank\" rel=\"noreferrer noopener\">https:\/\/www.minoritet.se\/5168<\/a><\/p>\n\n\n\n<div style=\"height:10px\" aria-hidden=\"true\" class=\"wp-block-spacer\"><\/div>\n\n\n\n<h2>Mer om temat<\/h2>\n\n\n\n<p>Spr\u00e5kr\u00e5det har tagit fram en ny svensk-finsk omsorgsordlista med anv\u00e4ndbara ord fr\u00e5n v\u00e5rd och omsorg <br><a href=\"https:\/\/www.minoritet.se\/ordboken-som-kan-hj%C3%A4lpa-dig-som-arbetar-inom-varden\" target=\"_blank\" rel=\"noreferrer noopener\">https:\/\/www.minoritet.se\/ordboken-som-kan-hj%C3%A4lpa-dig-som-arbetar-inom-varden<\/a><\/p>\n\n\n\n<div style=\"height:10px\" aria-hidden=\"true\" class=\"wp-block-spacer\"><\/div>\n","protected":false},"excerpt":{"rendered":"<p>Letar du efter material till aktiviteter? Vill du ha en l\u00e4ngre hand f\u00f6r vardagsaktiviteter? H\u00e4r hittar du gratis tv\u00e5spr\u00e5kiga och svenskspr\u00e5kiga material. Studerandenas inl\u00e4rningsuppgifter Utfall av studerande i Metropolian 2019: Skrivet om projektet G\u00e4vle och Finlandsinstitutet i gemensamt projekt https:\/\/www.minoritet.se\/5168 Mer om temat Spr\u00e5kr\u00e5det har tagit fram en ny svensk-finsk omsorgsordlista med anv\u00e4ndbara ord fr\u00e5n [&hellip;]<\/p>\n","protected":false},"author":1,"featured_media":0,"parent":0,"menu_order":0,"comment_status":"closed","ping_status":"closed","template":"","meta":[],"yoast_head":"<!-- This site is optimized with the Yoast SEO plugin v19.7.2 - https:\/\/yoast.com\/wordpress\/plugins\/seo\/ -->\n<title>Material - Spr\u00e5k och kultur i v\u00e5rd och omsorg<\/title>\n<meta name=\"robots\" content=\"index, follow, max-snippet:-1, max-image-preview:large, max-video-preview:-1\" \/>\n<link rel=\"canonical\" href=\"https:\/\/kielijakulttuurihoitotyossa.fi\/sv\/material\/\" \/>\n<meta property=\"og:locale\" content=\"sv_SE\" \/>\n<meta property=\"og:type\" content=\"article\" \/>\n<meta property=\"og:title\" content=\"Material - Spr\u00e5k och kultur i v\u00e5rd och omsorg\" \/>\n<meta property=\"og:description\" content=\"Letar du efter material till aktiviteter? Vill du ha en l\u00e4ngre hand f\u00f6r vardagsaktiviteter? H\u00e4r hittar du gratis tv\u00e5spr\u00e5kiga och svenskspr\u00e5kiga material. Studerandenas inl\u00e4rningsuppgifter Utfall av studerande i Metropolian 2019: Skrivet om projektet G\u00e4vle och Finlandsinstitutet i gemensamt projekt https:\/\/www.minoritet.se\/5168 Mer om temat Spr\u00e5kr\u00e5det har tagit fram en ny svensk-finsk omsorgsordlista med anv\u00e4ndbara ord fr\u00e5n [&hellip;]\" \/>\n<meta property=\"og:url\" content=\"https:\/\/kielijakulttuurihoitotyossa.fi\/sv\/material\/\" \/>\n<meta property=\"og:site_name\" content=\"Spr\u00e5k och kultur i v\u00e5rd och omsorg\" \/>\n<meta property=\"article:modified_time\" content=\"2022-12-18T23:53:58+00:00\" \/>\n<meta name=\"twitter:card\" content=\"summary_large_image\" \/>\n<meta name=\"twitter:label1\" content=\"Ber\u00e4knad l\u00e4stid\" \/>\n\t<meta name=\"twitter:data1\" content=\"1 minut\" \/>\n<script type=\"application\/ld+json\" class=\"yoast-schema-graph\">{\"@context\":\"https:\/\/schema.org\",\"@graph\":[{\"@type\":\"WebPage\",\"@id\":\"https:\/\/kielijakulttuurihoitotyossa.fi\/sv\/material\/\",\"url\":\"https:\/\/kielijakulttuurihoitotyossa.fi\/sv\/material\/\",\"name\":\"Material - Spr\u00e5k och kultur i v\u00e5rd och omsorg\",\"isPartOf\":{\"@id\":\"https:\/\/kielijakulttuurihoitotyossa.fi\/#website\"},\"datePublished\":\"2019-09-04T06:04:18+00:00\",\"dateModified\":\"2022-12-18T23:53:58+00:00\",\"breadcrumb\":{\"@id\":\"https:\/\/kielijakulttuurihoitotyossa.fi\/sv\/material\/#breadcrumb\"},\"inLanguage\":\"sv-SE\",\"potentialAction\":[{\"@type\":\"ReadAction\",\"target\":[\"https:\/\/kielijakulttuurihoitotyossa.fi\/sv\/material\/\"]}]},{\"@type\":\"BreadcrumbList\",\"@id\":\"https:\/\/kielijakulttuurihoitotyossa.fi\/sv\/material\/#breadcrumb\",\"itemListElement\":[{\"@type\":\"ListItem\",\"position\":1,\"name\":\"Etusivu\",\"item\":\"https:\/\/kielijakulttuurihoitotyossa.fi\/\"},{\"@type\":\"ListItem\",\"position\":2,\"name\":\"Material\"}]},{\"@type\":\"WebSite\",\"@id\":\"https:\/\/kielijakulttuurihoitotyossa.fi\/#website\",\"url\":\"https:\/\/kielijakulttuurihoitotyossa.fi\/\",\"name\":\"Spr\u00e5k och kultur i v\u00e5rd och omsorg\",\"description\":\"Kieli- ja kulttuurikompetenssi sillanrakentajina\",\"potentialAction\":[{\"@type\":\"SearchAction\",\"target\":{\"@type\":\"EntryPoint\",\"urlTemplate\":\"https:\/\/kielijakulttuurihoitotyossa.fi\/?s={search_term_string}\"},\"query-input\":\"required name=search_term_string\"}],\"inLanguage\":\"sv-SE\"}]}<\/script>\n<!-- \/ Yoast SEO plugin. -->","yoast_head_json":{"title":"Material - Spr\u00e5k och kultur i v\u00e5rd och omsorg","robots":{"index":"index","follow":"follow","max-snippet":"max-snippet:-1","max-image-preview":"max-image-preview:large","max-video-preview":"max-video-preview:-1"},"canonical":"https:\/\/kielijakulttuurihoitotyossa.fi\/sv\/material\/","og_locale":"sv_SE","og_type":"article","og_title":"Material - Spr\u00e5k och kultur i v\u00e5rd och omsorg","og_description":"Letar du efter material till aktiviteter? Vill du ha en l\u00e4ngre hand f\u00f6r vardagsaktiviteter? H\u00e4r hittar du gratis tv\u00e5spr\u00e5kiga och svenskspr\u00e5kiga material. Studerandenas inl\u00e4rningsuppgifter Utfall av studerande i Metropolian 2019: Skrivet om projektet G\u00e4vle och Finlandsinstitutet i gemensamt projekt https:\/\/www.minoritet.se\/5168 Mer om temat Spr\u00e5kr\u00e5det har tagit fram en ny svensk-finsk omsorgsordlista med anv\u00e4ndbara ord fr\u00e5n [&hellip;]","og_url":"https:\/\/kielijakulttuurihoitotyossa.fi\/sv\/material\/","og_site_name":"Spr\u00e5k och kultur i v\u00e5rd och omsorg","article_modified_time":"2022-12-18T23:53:58+00:00","twitter_card":"summary_large_image","twitter_misc":{"Ber\u00e4knad l\u00e4stid":"1 minut"},"schema":{"@context":"https:\/\/schema.org","@graph":[{"@type":"WebPage","@id":"https:\/\/kielijakulttuurihoitotyossa.fi\/sv\/material\/","url":"https:\/\/kielijakulttuurihoitotyossa.fi\/sv\/material\/","name":"Material - Spr\u00e5k och kultur i v\u00e5rd och omsorg","isPartOf":{"@id":"https:\/\/kielijakulttuurihoitotyossa.fi\/#website"},"datePublished":"2019-09-04T06:04:18+00:00","dateModified":"2022-12-18T23:53:58+00:00","breadcrumb":{"@id":"https:\/\/kielijakulttuurihoitotyossa.fi\/sv\/material\/#breadcrumb"},"inLanguage":"sv-SE","potentialAction":[{"@type":"ReadAction","target":["https:\/\/kielijakulttuurihoitotyossa.fi\/sv\/material\/"]}]},{"@type":"BreadcrumbList","@id":"https:\/\/kielijakulttuurihoitotyossa.fi\/sv\/material\/#breadcrumb","itemListElement":[{"@type":"ListItem","position":1,"name":"Etusivu","item":"https:\/\/kielijakulttuurihoitotyossa.fi\/"},{"@type":"ListItem","position":2,"name":"Material"}]},{"@type":"WebSite","@id":"https:\/\/kielijakulttuurihoitotyossa.fi\/#website","url":"https:\/\/kielijakulttuurihoitotyossa.fi\/","name":"Spr\u00e5k och kultur i v\u00e5rd och omsorg","description":"Kieli- ja kulttuurikompetenssi sillanrakentajina","potentialAction":[{"@type":"SearchAction","target":{"@type":"EntryPoint","urlTemplate":"https:\/\/kielijakulttuurihoitotyossa.fi\/?s={search_term_string}"},"query-input":"required name=search_term_string"}],"inLanguage":"sv-SE"}]}},"_links":{"self":[{"href":"https:\/\/kielijakulttuurihoitotyossa.fi\/sv\/wp-json\/wp\/v2\/pages\/517"}],"collection":[{"href":"https:\/\/kielijakulttuurihoitotyossa.fi\/sv\/wp-json\/wp\/v2\/pages"}],"about":[{"href":"https:\/\/kielijakulttuurihoitotyossa.fi\/sv\/wp-json\/wp\/v2\/types\/page"}],"author":[{"embeddable":true,"href":"https:\/\/kielijakulttuurihoitotyossa.fi\/sv\/wp-json\/wp\/v2\/users\/1"}],"replies":[{"embeddable":true,"href":"https:\/\/kielijakulttuurihoitotyossa.fi\/sv\/wp-json\/wp\/v2\/comments?post=517"}],"version-history":[{"count":30,"href":"https:\/\/kielijakulttuurihoitotyossa.fi\/sv\/wp-json\/wp\/v2\/pages\/517\/revisions"}],"predecessor-version":[{"id":1006,"href":"https:\/\/kielijakulttuurihoitotyossa.fi\/sv\/wp-json\/wp\/v2\/pages\/517\/revisions\/1006"}],"wp:attachment":[{"href":"https:\/\/kielijakulttuurihoitotyossa.fi\/sv\/wp-json\/wp\/v2\/media?parent=517"}],"curies":[{"name":"wp","href":"https:\/\/api.w.org\/{rel}","templated":true}]}}